{"id":2265,"date":"2023-01-02T09:54:39","date_gmt":"2023-01-02T09:54:39","guid":{"rendered":"https:\/\/hcacopenhagen.com\/vare\/tommelise\/"},"modified":"2023-04-14T09:33:41","modified_gmt":"2023-04-14T09:33:41","slug":"tommelise","status":"publish","type":"product","link":"https:\/\/hcacopenhagen.com\/en\/vare\/tommelise\/","title":{"rendered":"TOMMELISE"},"content":{"rendered":"<p><span style=\"color: #000000;\"><strong>Genfortalt af\u00a0<\/strong>Clara Weders\u00f8e Strunge<\/span><\/p>\n<p><span style=\"color: #000000;\"><strong>Illustreret af<\/strong>\u00a0Julia Gukova<\/span><\/p>\n<p><span style=\"color: #000000;\"><strong>Forlag:<\/strong>\u00a0Hans Christian Andersen Copenhagen<\/span><\/p>\n<p><span style=\"color: #000000;\"><strong>Udgivelses\u00e5r:<\/strong>\u00a02021<\/span><\/p>\n<p><span style=\"color: #000000;\"><strong>ISBN DK:<\/strong>\u00a09788794005203<\/span><\/p>\n<p><span style=\"color: #000000;\"><strong>ISBN ENG:<\/strong>\u00a09788794005197<\/span><\/p>\n<p><span style=\"color: #000000;\"><strong>L\u00e6ngde:<\/strong>\u00a048 sider<\/span><\/p>\n<p><span style=\"color: #000000;\"><strong>M\u00e5l:<\/strong>\u00a0\u00a0150 mm x 10 mm x 230 mm<\/span><\/p>\n<p><span style=\"color: #000000;\"><strong>Indhold:<\/strong>\u00a0\u201cTommelise&#8221;<\/span><\/p>\n<p><span style=\"color: #000000;\"><strong>Udgivet\u00a0<\/strong>p\u00e5 dansk og engelsk<\/span><\/p>\n","protected":false},"excerpt":{"rendered":"<p><span style=\"color: #000000;\">I Tommelise f\u00f8lger vi en lille pige f\u00f8dt af et bygfr\u00f8, p\u00e5 hendes mange eventyr. Hun flygter fra fr\u00f8erne i sin dammen hvor hun blev f\u00f8dt, men falder i kl\u00f8erne p\u00e5 en bille, som snart forlader hende, og den stakkels pige bliver efterladt alene i den kolde m\u00f8rke skov.S\u00e5 m\u00f8der hun en markmus, der introducerer hende for en muldvarp, som hun n\u00e6sten n\u00e5r at blive gift med. Alle disse udfordringer er med til at l\u00e6re Tommelise om livet og hun har et godt hjerte som hj\u00e6lper hende med at redde sig igennem det hele, og under sine rejser redder hun en svale. Han tager hende til geng\u00e6ld med til de varme lande, hvor Tommelise forelsker sig i elvernes konge, og han i hende.<\/span><\/p>\n","protected":false},"featured_media":1953,"template":"","meta":{"_acf_changed":false,"_et_pb_use_builder":"","_et_pb_old_content":"","_et_gb_content_width":""},"product_brand":[],"product_cat":[64],"product_tag":[],"tema":[],"class_list":{"0":"post-2265","1":"product","2":"type-product","3":"status-publish","4":"has-post-thumbnail","6":"product_cat-books-en","8":"first","9":"instock","10":"shipping-taxable","11":"purchasable","12":"product-type-variable"},"acf":[],"_links":{"self":[{"href":"https:\/\/hcacopenhagen.com\/en\/wp-json\/wp\/v2\/product\/2265","targetHints":{"allow":["GET"]}}],"collection":[{"href":"https:\/\/hcacopenhagen.com\/en\/wp-json\/wp\/v2\/product"}],"about":[{"href":"https:\/\/hcacopenhagen.com\/en\/wp-json\/wp\/v2\/types\/product"}],"wp:featuredmedia":[{"embeddable":true,"href":"https:\/\/hcacopenhagen.com\/en\/wp-json\/wp\/v2\/media\/1953"}],"wp:attachment":[{"href":"https:\/\/hcacopenhagen.com\/en\/wp-json\/wp\/v2\/media?parent=2265"}],"wp:term":[{"taxonomy":"product_brand","embeddable":true,"href":"https:\/\/hcacopenhagen.com\/en\/wp-json\/wp\/v2\/product_brand?post=2265"},{"taxonomy":"product_cat","embeddable":true,"href":"https:\/\/hcacopenhagen.com\/en\/wp-json\/wp\/v2\/product_cat?post=2265"},{"taxonomy":"product_tag","embeddable":true,"href":"https:\/\/hcacopenhagen.com\/en\/wp-json\/wp\/v2\/product_tag?post=2265"},{"taxonomy":"tema","embeddable":true,"href":"https:\/\/hcacopenhagen.com\/en\/wp-json\/wp\/v2\/tema?post=2265"}],"curies":[{"name":"wp","href":"https:\/\/api.w.org\/{rel}","templated":true}]}}